{"id":294,"date":"2025-03-25T09:08:51","date_gmt":"2025-03-25T08:08:51","guid":{"rendered":"https:\/\/amourlaiternel.com\/?page_id=294"},"modified":"2025-03-31T11:43:40","modified_gmt":"2025-03-31T09:43:40","slug":"pour-les-professionnels-de-sante","status":"publish","type":"page","link":"https:\/\/amourlaiternel.com\/index.php\/pour-les-professionnels-de-sante\/","title":{"rendered":"Pour les professionnels de sant\u00e9"},"content":{"rendered":"<div class=\"style-310 style-local-294-c1 position-relative\" data-colibri-id=\"294-c1\">\n<div id=\"initial-content\" class=\"h-section h-section-global-spacing d-flex align-items-lg-center align-items-md-center align-items-center style-311 style-local-294-c2 position-relative\" data-colibri-component=\"section\" data-colibri-id=\"294-c2\"><br \/>\n<div class=\"h-section-grid-container h-section-boxed-container\">\n<div class=\"h-row-container gutters-row-lg-2 gutters-row-md-2 gutters-row-0 gutters-row-v-lg-2 gutters-row-v-md-2 gutters-row-v-2 style-318 style-local-294-c9 position-relative\" data-colibri-id=\"294-c9\">\n<div class=\"h-row justify-content-lg-center justify-content-md-center justify-content-center align-items-lg-stretch align-items-md-stretch align-items-stretch gutters-col-lg-2 gutters-col-md-2 gutters-col-0 gutters-col-v-lg-2 gutters-col-v-md-2 gutters-col-v-2\">\n<div class=\"h-column h-column-container d-flex h-col-lg-auto h-col-md-auto h-col-auto style-319-outer style-local-294-c10-outer\">\n<div class=\"d-flex h-flex-basis h-column__inner h-px-lg-2 h-px-md-2 h-px-2 v-inner-lg-2 v-inner-md-2 v-inner-2 style-319 style-local-294-c10 position-relative\" data-colibri-id=\"294-c10\"><br \/>\n<div class=\"w-100 h-y-container h-column__content h-column__v-align flex-basis-100 align-self-lg-start align-self-md-start align-self-start\">\n<div class=\"h-text h-text-component style-320 style-local-294-c11 position-relative h-element\" data-colibri-id=\"294-c11\"><br \/>\n<div class=\"\">\n<p>Je propose des formations sp\u00e9cialis\u00e9es pour accompagner les professionnels de sant\u00e9 et leurs \u00e9quipes dans l\u2019accompagnement de l\u2019allaitement maternel. Adapt\u00e9es aux besoins sp\u00e9cifiques de chaque m\u00e9tier, ces sessions permettent d\u2019acqu\u00e9rir<br \/>des connaissances pratiques et des outils concrets pour mieux conseiller et soutenir les familles. Que vous soyez m\u00e9decin, pharmacien ou autre professionnel de sant\u00e9, une formation sur mesure peut \u00eatre mise en place pour r\u00e9pondre<br \/>\u00e0 vos attentes et \u00e0 celles de votre \u00e9quipe.<\/p>\n<p>Prenons rendez-vous pour discuter de votre projet et des modalit\u00e9s. Un devis vous sera fourni apr\u00e8s un premier \u00e9change t\u00e9l\u00e9phonique.<\/p>\n<\/div>\n<\/div>\n<\/div>\n<\/div>\n<\/div>\n<\/div>\n<\/div>\n<div class=\"h-row-container gutters-row-lg-2 gutters-row-md-2 gutters-row-0 gutters-row-v-lg-2 gutters-row-v-md-2 gutters-row-v-2 style-312 style-local-294-c3 position-relative\" data-colibri-id=\"294-c3\">\n<div class=\"h-row justify-content-lg-center justify-content-md-center justify-content-center align-items-lg-stretch align-items-md-stretch align-items-stretch gutters-col-lg-2 gutters-col-md-2 gutters-col-0 gutters-col-v-lg-2 gutters-col-v-md-2 gutters-col-v-2\">\n<div class=\"h-column h-column-container d-flex h-col-lg-auto h-col-md-auto h-col-auto style-313-outer style-local-294-c4-outer\">\n<div class=\"d-flex h-flex-basis h-column__inner h-px-lg-2 h-px-md-2 h-px-2 v-inner-lg-2 v-inner-md-2 v-inner-2 style-313 style-local-294-c4 position-relative\" data-colibri-id=\"294-c4\"><br \/>\n<div class=\"w-100 h-y-container h-column__content h-column__v-align flex-basis-100 align-self-lg-start align-self-md-start align-self-start\">\n<div class=\"style-314 style-local-294-c5 position-relative h-element\" data-colibri-id=\"294-c5\">\n<div>\u00a0<\/div>\n<\/div>\n<\/div>\n<\/div>\n<\/div>\n<\/div>\n<\/div>\n<\/div>\n<\/div>\n<\/div>\n\n\n<!-- D\u00e9but de widget en ligne Calendly -->\n                    <div class=\"calendly-inline-widget\" data-url=\"https:\/\/calendly.com\/ibclc-amourlaiternel\/preparation-a-la-formation\" style=\"min-width:320px;height:700px;\"><\/div>\n                    <script type=\"text\/javascript\" src=\"https:\/\/assets.calendly.com\/assets\/external\/widget.js\" async=\"\"><\/script>\n                    <!-- Fin de widget en ligne Calendly -->\n\n\n<\/div><\/div>\n<\/p><\/div>\n<\/p><\/div>\n<\/p><\/div>\n<\/p><\/div>\n<\/p><\/div>\n<\/p><\/div>\n<\/p><\/div>\n<\/div>","protected":false},"excerpt":{"rendered":"<p>Je propose des formations sp\u00e9cialis\u00e9es pour accompagner les professionnels de sant\u00e9 et leurs [&hellip;]<\/p>\n","protected":false},"author":1,"featured_media":0,"parent":0,"menu_order":0,"comment_status":"closed","ping_status":"closed","template":"page-templates\/full-width-page.php","meta":{"footnotes":""},"class_list":["post-294","page","type-page","status-publish","hentry"],"yoast_head":"<!-- This site is optimized with the Yoast SEO plugin v24.7 - https:\/\/yoast.com\/wordpress\/plugins\/seo\/ -->\n<title>Pour les professionnels de sant\u00e9 - D\u00e9borah HERBER - Consultante en Lactation IBCLC<\/title>\n<meta name=\"robots\" content=\"index, follow, max-snippet:-1, max-image-preview:large, max-video-preview:-1\" \/>\n<link rel=\"canonical\" href=\"https:\/\/amourlaiternel.com\/index.php\/pour-les-professionnels-de-sante\/\" \/>\n<meta property=\"og:locale\" content=\"fr_FR\" \/>\n<meta property=\"og:type\" content=\"article\" \/>\n<meta property=\"og:title\" content=\"Pour les professionnels de sant\u00e9 - D\u00e9borah HERBER - Consultante en Lactation IBCLC\" \/>\n<meta property=\"og:description\" content=\"Je propose des formations sp\u00e9cialis\u00e9es pour accompagner les professionnels de sant\u00e9 et leurs [&hellip;]\" \/>\n<meta property=\"og:url\" content=\"https:\/\/amourlaiternel.com\/index.php\/pour-les-professionnels-de-sante\/\" \/>\n<meta property=\"og:site_name\" content=\"D\u00e9borah HERBER - Consultante en Lactation IBCLC\" \/>\n<meta property=\"article:modified_time\" content=\"2025-03-31T09:43:40+00:00\" \/>\n<meta name=\"twitter:card\" content=\"summary_large_image\" \/>\n<meta name=\"twitter:label1\" content=\"Dur\u00e9e de lecture estim\u00e9e\" \/>\n\t<meta name=\"twitter:data1\" content=\"1 minute\" \/>\n<script type=\"application\/ld+json\" class=\"yoast-schema-graph\">{\"@context\":\"https:\/\/schema.org\",\"@graph\":[{\"@type\":\"WebPage\",\"@id\":\"https:\/\/amourlaiternel.com\/index.php\/pour-les-professionnels-de-sante\/\",\"url\":\"https:\/\/amourlaiternel.com\/index.php\/pour-les-professionnels-de-sante\/\",\"name\":\"Pour les professionnels de sant\u00e9 - D\u00e9borah HERBER - Consultante en Lactation IBCLC\",\"isPartOf\":{\"@id\":\"https:\/\/amourlaiternel.com\/#website\"},\"datePublished\":\"2025-03-25T08:08:51+00:00\",\"dateModified\":\"2025-03-31T09:43:40+00:00\",\"breadcrumb\":{\"@id\":\"https:\/\/amourlaiternel.com\/index.php\/pour-les-professionnels-de-sante\/#breadcrumb\"},\"inLanguage\":\"fr-FR\",\"potentialAction\":[{\"@type\":\"ReadAction\",\"target\":[\"https:\/\/amourlaiternel.com\/index.php\/pour-les-professionnels-de-sante\/\"]}]},{\"@type\":\"BreadcrumbList\",\"@id\":\"https:\/\/amourlaiternel.com\/index.php\/pour-les-professionnels-de-sante\/#breadcrumb\",\"itemListElement\":[{\"@type\":\"ListItem\",\"position\":1,\"name\":\"Accueil\",\"item\":\"https:\/\/amourlaiternel.com\/\"},{\"@type\":\"ListItem\",\"position\":2,\"name\":\"Pour les professionnels de sant\u00e9\"}]},{\"@type\":\"WebSite\",\"@id\":\"https:\/\/amourlaiternel.com\/#website\",\"url\":\"https:\/\/amourlaiternel.com\/\",\"name\":\"D\u00e9borah HERBER - Consultante en Lactation IBCLC\",\"description\":\"D\u00e9borah soutient votre allaitement\",\"publisher\":{\"@id\":\"https:\/\/amourlaiternel.com\/#organization\"},\"potentialAction\":[{\"@type\":\"SearchAction\",\"target\":{\"@type\":\"EntryPoint\",\"urlTemplate\":\"https:\/\/amourlaiternel.com\/?s={search_term_string}\"},\"query-input\":{\"@type\":\"PropertyValueSpecification\",\"valueRequired\":true,\"valueName\":\"search_term_string\"}}],\"inLanguage\":\"fr-FR\"},{\"@type\":\"Organization\",\"@id\":\"https:\/\/amourlaiternel.com\/#organization\",\"name\":\"D\u00e9borah HERBER - Consultante en Lactation IBCLC\",\"url\":\"https:\/\/amourlaiternel.com\/\",\"logo\":{\"@type\":\"ImageObject\",\"inLanguage\":\"fr-FR\",\"@id\":\"https:\/\/amourlaiternel.com\/#\/schema\/logo\/image\/\",\"url\":\"https:\/\/amourlaiternel.com\/wp-content\/uploads\/2025\/03\/cropped-cropped-cropped-logo-transparent-png-1-1.png\",\"contentUrl\":\"https:\/\/amourlaiternel.com\/wp-content\/uploads\/2025\/03\/cropped-cropped-cropped-logo-transparent-png-1-1.png\",\"width\":3726,\"height\":3726,\"caption\":\"D\u00e9borah HERBER - Consultante en Lactation IBCLC\"},\"image\":{\"@id\":\"https:\/\/amourlaiternel.com\/#\/schema\/logo\/image\/\"},\"sameAs\":[\"https:\/\/www.instagram.com\/amourlaiternel_ibclc\/#\"]}]}<\/script>\n<!-- \/ Yoast SEO plugin. -->","yoast_head_json":{"title":"Pour les professionnels de sant\u00e9 - D\u00e9borah HERBER - Consultante en Lactation IBCLC","robots":{"index":"index","follow":"follow","max-snippet":"max-snippet:-1","max-image-preview":"max-image-preview:large","max-video-preview":"max-video-preview:-1"},"canonical":"https:\/\/amourlaiternel.com\/index.php\/pour-les-professionnels-de-sante\/","og_locale":"fr_FR","og_type":"article","og_title":"Pour les professionnels de sant\u00e9 - D\u00e9borah HERBER - Consultante en Lactation IBCLC","og_description":"Je propose des formations sp\u00e9cialis\u00e9es pour accompagner les professionnels de sant\u00e9 et leurs [&hellip;]","og_url":"https:\/\/amourlaiternel.com\/index.php\/pour-les-professionnels-de-sante\/","og_site_name":"D\u00e9borah HERBER - Consultante en Lactation IBCLC","article_modified_time":"2025-03-31T09:43:40+00:00","twitter_card":"summary_large_image","twitter_misc":{"Dur\u00e9e de lecture estim\u00e9e":"1 minute"},"schema":{"@context":"https:\/\/schema.org","@graph":[{"@type":"WebPage","@id":"https:\/\/amourlaiternel.com\/index.php\/pour-les-professionnels-de-sante\/","url":"https:\/\/amourlaiternel.com\/index.php\/pour-les-professionnels-de-sante\/","name":"Pour les professionnels de sant\u00e9 - D\u00e9borah HERBER - Consultante en Lactation IBCLC","isPartOf":{"@id":"https:\/\/amourlaiternel.com\/#website"},"datePublished":"2025-03-25T08:08:51+00:00","dateModified":"2025-03-31T09:43:40+00:00","breadcrumb":{"@id":"https:\/\/amourlaiternel.com\/index.php\/pour-les-professionnels-de-sante\/#breadcrumb"},"inLanguage":"fr-FR","potentialAction":[{"@type":"ReadAction","target":["https:\/\/amourlaiternel.com\/index.php\/pour-les-professionnels-de-sante\/"]}]},{"@type":"BreadcrumbList","@id":"https:\/\/amourlaiternel.com\/index.php\/pour-les-professionnels-de-sante\/#breadcrumb","itemListElement":[{"@type":"ListItem","position":1,"name":"Accueil","item":"https:\/\/amourlaiternel.com\/"},{"@type":"ListItem","position":2,"name":"Pour les professionnels de sant\u00e9"}]},{"@type":"WebSite","@id":"https:\/\/amourlaiternel.com\/#website","url":"https:\/\/amourlaiternel.com\/","name":"D\u00e9borah HERBER - Consultante en Lactation IBCLC","description":"D\u00e9borah soutient votre allaitement","publisher":{"@id":"https:\/\/amourlaiternel.com\/#organization"},"potentialAction":[{"@type":"SearchAction","target":{"@type":"EntryPoint","urlTemplate":"https:\/\/amourlaiternel.com\/?s={search_term_string}"},"query-input":{"@type":"PropertyValueSpecification","valueRequired":true,"valueName":"search_term_string"}}],"inLanguage":"fr-FR"},{"@type":"Organization","@id":"https:\/\/amourlaiternel.com\/#organization","name":"D\u00e9borah HERBER - Consultante en Lactation IBCLC","url":"https:\/\/amourlaiternel.com\/","logo":{"@type":"ImageObject","inLanguage":"fr-FR","@id":"https:\/\/amourlaiternel.com\/#\/schema\/logo\/image\/","url":"https:\/\/amourlaiternel.com\/wp-content\/uploads\/2025\/03\/cropped-cropped-cropped-logo-transparent-png-1-1.png","contentUrl":"https:\/\/amourlaiternel.com\/wp-content\/uploads\/2025\/03\/cropped-cropped-cropped-logo-transparent-png-1-1.png","width":3726,"height":3726,"caption":"D\u00e9borah HERBER - Consultante en Lactation IBCLC"},"image":{"@id":"https:\/\/amourlaiternel.com\/#\/schema\/logo\/image\/"},"sameAs":["https:\/\/www.instagram.com\/amourlaiternel_ibclc\/#"]}]}},"_links":{"self":[{"href":"https:\/\/amourlaiternel.com\/index.php\/wp-json\/wp\/v2\/pages\/294","targetHints":{"allow":["GET"]}}],"collection":[{"href":"https:\/\/amourlaiternel.com\/index.php\/wp-json\/wp\/v2\/pages"}],"about":[{"href":"https:\/\/amourlaiternel.com\/index.php\/wp-json\/wp\/v2\/types\/page"}],"author":[{"embeddable":true,"href":"https:\/\/amourlaiternel.com\/index.php\/wp-json\/wp\/v2\/users\/1"}],"replies":[{"embeddable":true,"href":"https:\/\/amourlaiternel.com\/index.php\/wp-json\/wp\/v2\/comments?post=294"}],"version-history":[{"count":3,"href":"https:\/\/amourlaiternel.com\/index.php\/wp-json\/wp\/v2\/pages\/294\/revisions"}],"predecessor-version":[{"id":884,"href":"https:\/\/amourlaiternel.com\/index.php\/wp-json\/wp\/v2\/pages\/294\/revisions\/884"}],"wp:attachment":[{"href":"https:\/\/amourlaiternel.com\/index.php\/wp-json\/wp\/v2\/media?parent=294"}],"curies":[{"name":"wp","href":"https:\/\/api.w.org\/{rel}","templated":true}]}}