{"id":245,"date":"2025-03-25T00:03:17","date_gmt":"2025-03-24T23:03:17","guid":{"rendered":"https:\/\/amourlaiternel.com\/?page_id=245"},"modified":"2025-03-31T14:39:37","modified_gmt":"2025-03-31T12:39:37","slug":"a-propos-de-moi","status":"publish","type":"page","link":"https:\/\/amourlaiternel.com\/index.php\/a-propos-de-moi\/","title":{"rendered":"A propos de moi"},"content":{"rendered":"<div class=\"style-254 style-local-245-c1 position-relative\" data-colibri-id=\"245-c1\">\n<div id=\"about\" class=\"h-section h-section-global-spacing d-flex align-items-lg-center align-items-md-center align-items-center style-264 style-local-245-c2 position-relative\" data-colibri-component=\"section\" data-colibri-id=\"245-c2\"><br \/>\n<div class=\"h-section-grid-container h-section-boxed-container\">\n<div class=\"h-row-container gutters-row-lg-0 gutters-row-md-0 gutters-row-0 gutters-row-v-lg-0 gutters-row-v-md-0 gutters-row-v-0 style-265 style-local-245-c3 position-relative\" data-colibri-id=\"245-c3\">\n<div class=\"h-row justify-content-lg-center justify-content-md-center justify-content-center align-items-lg-stretch align-items-md-stretch align-items-stretch gutters-col-lg-0 gutters-col-md-0 gutters-col-0 gutters-col-v-lg-0 gutters-col-v-md-0 gutters-col-v-0\">\n<div class=\"h-column h-column-container d-flex h-col-lg-auto h-col-md-auto h-col-auto style-266-outer style-local-245-c4-outer\">\n<div class=\"d-flex h-flex-basis h-column__inner h-ui-empty-state-container h-px-lg-0 h-px-md-0 h-px-0 v-inner-lg-0 v-inner-md-0 v-inner-0 style-266 style-local-245-c4 position-relative\" data-colibri-id=\"245-c4\"><br \/>\n<div class=\"w-100 h-y-container h-column__content h-column__v-align flex-basis-100\">\u00a0<\/div>\n<\/div>\n<\/div>\n<div class=\"h-column h-column-container d-flex h-col-lg-auto h-col-md-auto h-col-auto style-267-outer style-local-245-c5-outer\">\n<div class=\"d-flex h-flex-basis h-column__inner h-px-lg-2 h-px-md-2 h-px-2 v-inner-lg-2 v-inner-md-2 v-inner-2 style-267 style-local-245-c5 position-relative\" data-colibri-id=\"245-c5\"><br \/>\n<div class=\"w-100 h-y-container h-column__content h-column__v-align flex-basis-100 align-self-lg-start align-self-md-start align-self-start\">\n<div class=\"h-global-transition-all h-heading style-268 style-local-245-c6 position-relative h-element\" data-colibri-id=\"245-c6\">\n<div class=\"h-heading__outer style-268 style-local-245-c6\"><br \/>\n<h5 class=\"\">D\u00e9borah HERBER<\/h5>\n<\/div>\n<\/div>\n<div class=\"h-global-transition-all h-heading style-269 style-local-245-c7 position-relative h-element\" data-colibri-id=\"245-c7\">\n<div class=\"h-heading__outer style-269 style-local-245-c7\"><br \/>\n<h3 class=\"\">Consultante en lactation<\/h3>\n<\/div>\n<\/div>\n<div class=\"h-text h-text-component style-270 style-local-245-c8 position-relative h-element\" data-colibri-id=\"245-c8\"><br \/>\n<div class=\"\">\n<p>Je suis D\u00e9borah HERBER, consultante en lactation IBCLC. Lorsque j\u2019ai eu mon premier enfant, Math\u00e9o, je pensais \u00eatre bien pr\u00e9par\u00e9e \u00e0 l\u2019accouchement et j\u2019imaginais que l\u2019allaitement serait une simple formalit\u00e9. Mais la r\u00e9alit\u00e9 a \u00e9t\u00e9<br \/>tout autre : crevasses, mastites, r\u00e9flexe d\u2019\u00e9jection fort\u2026 L\u2019allaitement s\u2019est av\u00e9r\u00e9 plus douloureux que l\u2019accouchement lui-m\u00eame.<\/p>\n<p>Malgr\u00e9 les difficult\u00e9s, je me suis accroch\u00e9e. J\u2019ai aussi pris conscience du manque d\u2019accompagnement et du fait que beaucoup de professionnels de sant\u00e9 ne disposaient pas des r\u00e9ponses dont nous avions besoin. D\u00e9termin\u00e9e \u00e0 changer les<br \/>choses, j\u2019ai suivi plus de 1220 heures de formation et de pratique au sein l\u2019\u00e9quipe de n\u00e9onatalogie de l\u2019h\u00f4pital de Mercy, \u00e0 Metz. Gr\u00e2ce \u00e0 ce parcours, j\u2019ai obtenu mon accr\u00e9ditation IBCLC et je mets aujourd\u2019hui mon expertise au service<br \/>des familles, pour qu\u2019aucune m\u00e8re ne se sente seule face \u00e0 son allaitement.<\/p>\n<p>\u00a0<\/p>\n<\/div>\n<\/div>\n<\/div>\n<\/div>\n<\/div>\n<\/div>\n<\/div>\n<\/div>\n<\/div>\n<div id=\"custom\" class=\"h-section h-section-global-spacing d-flex align-items-lg-center align-items-md-center align-items-center style-277 style-local-245-c9 position-relative\" data-colibri-component=\"section\" data-colibri-id=\"245-c9\"><br \/>\n<div class=\"h-section-grid-container h-section-boxed-container\">\n<div class=\"h-row-container gutters-row-lg-2 gutters-row-md-2 gutters-row-0 gutters-row-v-lg-2 gutters-row-v-md-2 gutters-row-v-2 style-278 style-local-245-c10 position-relative\" data-colibri-id=\"245-c10\">\n<div class=\"h-row justify-content-lg-center justify-content-md-center justify-content-center align-items-lg-stretch align-items-md-stretch align-items-stretch gutters-col-lg-2 gutters-col-md-2 gutters-col-0 gutters-col-v-lg-2 gutters-col-v-md-2 gutters-col-v-2\">\n<div class=\"h-column h-column-container d-flex h-col-lg-auto h-col-md-auto h-col-auto style-279-outer style-local-245-c11-outer\">\n<div class=\"d-flex h-flex-basis h-column__inner h-px-lg-2 h-px-md-2 h-px-2 v-inner-lg-2 v-inner-md-2 v-inner-2 style-279 style-local-245-c11 position-relative\" data-colibri-id=\"245-c11\"><br \/>\n<div class=\"w-100 h-y-container h-column__content h-column__v-align flex-basis-100 align-self-lg-start align-self-md-start align-self-start\">\n<div class=\"d-block style-280 style-local-245-c12 position-relative h-element\" data-colibri-id=\"245-c12\">\n<div class=\"h-image__frame-container-outer\">\n<div class=\"h-image__frame-container\"><br \/><br \/><img loading=\"lazy\" decoding=\"async\" width=\"400\" height=\"400\" class=\"wp-image-687 style-280-image style-local-245-c12-image\" src=\"http:\/\/amourlaiternel.com\/wp-content\/uploads\/2025\/03\/38e4d8e1-9679-48f8-aa92-4ce575c56bb9.png\" alt=\"\" srcset=\"https:\/\/amourlaiternel.com\/wp-content\/uploads\/2025\/03\/38e4d8e1-9679-48f8-aa92-4ce575c56bb9.png 400w, https:\/\/amourlaiternel.com\/wp-content\/uploads\/2025\/03\/38e4d8e1-9679-48f8-aa92-4ce575c56bb9-300x300.png 300w, https:\/\/amourlaiternel.com\/wp-content\/uploads\/2025\/03\/38e4d8e1-9679-48f8-aa92-4ce575c56bb9-150x150.png 150w\" sizes=\"auto, (max-width: 400px) 100vw, 400px\" \/>\n<div class=\"h-image__frame h-hide-lg h-hide-md h-hide-sm style-280-frameImage style-local-245-c12-frameImage\">\u00a0<\/div>\n<\/div>\n<\/div>\n<\/div>\n<\/div>\n<\/div>\n<\/div>\n<\/div>\n<\/div>\n<\/div>\n<\/div>\n<\/div>\n\n<div class=\"wp-block-image\">\n<figure class=\"aligncenter size-large\"><img decoding=\"async\" src=\"https:\/\/api.accredible.com\/v1\/frontend\/credential_website_embed_image\/certificate\/128857258\" alt=\"\"\/><\/figure>\n<\/div>\n\n\n<p><\/p>\n","protected":false},"excerpt":{"rendered":"<p>\u00a0 D\u00e9borah HERBER Consultante en lactation Je suis D\u00e9borah HERBER, consultante en lactation [&hellip;]<\/p>\n","protected":false},"author":1,"featured_media":0,"parent":0,"menu_order":0,"comment_status":"closed","ping_status":"closed","template":"page-templates\/full-width-page.php","meta":{"footnotes":""},"class_list":["post-245","page","type-page","status-publish","hentry"],"yoast_head":"<!-- This site is optimized with the Yoast SEO plugin v24.7 - https:\/\/yoast.com\/wordpress\/plugins\/seo\/ -->\n<title>A propos de moi - D\u00e9borah HERBER - Consultante en Lactation IBCLC<\/title>\n<meta name=\"robots\" content=\"index, follow, max-snippet:-1, max-image-preview:large, max-video-preview:-1\" \/>\n<link rel=\"canonical\" href=\"https:\/\/amourlaiternel.com\/index.php\/a-propos-de-moi\/\" \/>\n<meta property=\"og:locale\" content=\"fr_FR\" \/>\n<meta property=\"og:type\" content=\"article\" \/>\n<meta property=\"og:title\" content=\"A propos de moi - D\u00e9borah HERBER - Consultante en Lactation IBCLC\" \/>\n<meta property=\"og:description\" content=\"\u00a0 D\u00e9borah HERBER Consultante en lactation Je suis D\u00e9borah HERBER, consultante en lactation [&hellip;]\" \/>\n<meta property=\"og:url\" content=\"https:\/\/amourlaiternel.com\/index.php\/a-propos-de-moi\/\" \/>\n<meta property=\"og:site_name\" content=\"D\u00e9borah HERBER - Consultante en Lactation IBCLC\" \/>\n<meta property=\"article:modified_time\" content=\"2025-03-31T12:39:37+00:00\" \/>\n<meta property=\"og:image\" content=\"https:\/\/amourlaiternel.com\/wp-content\/uploads\/2025\/03\/38e4d8e1-9679-48f8-aa92-4ce575c56bb9.png\" \/>\n\t<meta property=\"og:image:width\" content=\"400\" \/>\n\t<meta property=\"og:image:height\" content=\"400\" \/>\n\t<meta property=\"og:image:type\" content=\"image\/png\" \/>\n<meta name=\"twitter:card\" content=\"summary_large_image\" \/>\n<meta name=\"twitter:label1\" content=\"Dur\u00e9e de lecture estim\u00e9e\" \/>\n\t<meta name=\"twitter:data1\" content=\"2 minutes\" \/>\n<script type=\"application\/ld+json\" class=\"yoast-schema-graph\">{\"@context\":\"https:\/\/schema.org\",\"@graph\":[{\"@type\":\"WebPage\",\"@id\":\"https:\/\/amourlaiternel.com\/index.php\/a-propos-de-moi\/\",\"url\":\"https:\/\/amourlaiternel.com\/index.php\/a-propos-de-moi\/\",\"name\":\"A propos de moi - D\u00e9borah HERBER - Consultante en Lactation IBCLC\",\"isPartOf\":{\"@id\":\"https:\/\/amourlaiternel.com\/#website\"},\"primaryImageOfPage\":{\"@id\":\"https:\/\/amourlaiternel.com\/index.php\/a-propos-de-moi\/#primaryimage\"},\"image\":{\"@id\":\"https:\/\/amourlaiternel.com\/index.php\/a-propos-de-moi\/#primaryimage\"},\"thumbnailUrl\":\"http:\/\/amourlaiternel.com\/wp-content\/uploads\/2025\/03\/38e4d8e1-9679-48f8-aa92-4ce575c56bb9.png\",\"datePublished\":\"2025-03-24T23:03:17+00:00\",\"dateModified\":\"2025-03-31T12:39:37+00:00\",\"breadcrumb\":{\"@id\":\"https:\/\/amourlaiternel.com\/index.php\/a-propos-de-moi\/#breadcrumb\"},\"inLanguage\":\"fr-FR\",\"potentialAction\":[{\"@type\":\"ReadAction\",\"target\":[\"https:\/\/amourlaiternel.com\/index.php\/a-propos-de-moi\/\"]}]},{\"@type\":\"ImageObject\",\"inLanguage\":\"fr-FR\",\"@id\":\"https:\/\/amourlaiternel.com\/index.php\/a-propos-de-moi\/#primaryimage\",\"url\":\"https:\/\/amourlaiternel.com\/wp-content\/uploads\/2025\/03\/38e4d8e1-9679-48f8-aa92-4ce575c56bb9.png\",\"contentUrl\":\"https:\/\/amourlaiternel.com\/wp-content\/uploads\/2025\/03\/38e4d8e1-9679-48f8-aa92-4ce575c56bb9.png\",\"width\":400,\"height\":400},{\"@type\":\"BreadcrumbList\",\"@id\":\"https:\/\/amourlaiternel.com\/index.php\/a-propos-de-moi\/#breadcrumb\",\"itemListElement\":[{\"@type\":\"ListItem\",\"position\":1,\"name\":\"Accueil\",\"item\":\"https:\/\/amourlaiternel.com\/\"},{\"@type\":\"ListItem\",\"position\":2,\"name\":\"A propos de moi\"}]},{\"@type\":\"WebSite\",\"@id\":\"https:\/\/amourlaiternel.com\/#website\",\"url\":\"https:\/\/amourlaiternel.com\/\",\"name\":\"D\u00e9borah HERBER - Consultante en Lactation IBCLC\",\"description\":\"D\u00e9borah soutient votre allaitement\",\"publisher\":{\"@id\":\"https:\/\/amourlaiternel.com\/#organization\"},\"potentialAction\":[{\"@type\":\"SearchAction\",\"target\":{\"@type\":\"EntryPoint\",\"urlTemplate\":\"https:\/\/amourlaiternel.com\/?s={search_term_string}\"},\"query-input\":{\"@type\":\"PropertyValueSpecification\",\"valueRequired\":true,\"valueName\":\"search_term_string\"}}],\"inLanguage\":\"fr-FR\"},{\"@type\":\"Organization\",\"@id\":\"https:\/\/amourlaiternel.com\/#organization\",\"name\":\"D\u00e9borah HERBER - Consultante en Lactation IBCLC\",\"url\":\"https:\/\/amourlaiternel.com\/\",\"logo\":{\"@type\":\"ImageObject\",\"inLanguage\":\"fr-FR\",\"@id\":\"https:\/\/amourlaiternel.com\/#\/schema\/logo\/image\/\",\"url\":\"https:\/\/amourlaiternel.com\/wp-content\/uploads\/2025\/03\/cropped-cropped-cropped-logo-transparent-png-1-1.png\",\"contentUrl\":\"https:\/\/amourlaiternel.com\/wp-content\/uploads\/2025\/03\/cropped-cropped-cropped-logo-transparent-png-1-1.png\",\"width\":3726,\"height\":3726,\"caption\":\"D\u00e9borah HERBER - Consultante en Lactation IBCLC\"},\"image\":{\"@id\":\"https:\/\/amourlaiternel.com\/#\/schema\/logo\/image\/\"},\"sameAs\":[\"https:\/\/www.instagram.com\/amourlaiternel_ibclc\/#\"]}]}<\/script>\n<!-- \/ Yoast SEO plugin. -->","yoast_head_json":{"title":"A propos de moi - D\u00e9borah HERBER - Consultante en Lactation IBCLC","robots":{"index":"index","follow":"follow","max-snippet":"max-snippet:-1","max-image-preview":"max-image-preview:large","max-video-preview":"max-video-preview:-1"},"canonical":"https:\/\/amourlaiternel.com\/index.php\/a-propos-de-moi\/","og_locale":"fr_FR","og_type":"article","og_title":"A propos de moi - D\u00e9borah HERBER - Consultante en Lactation IBCLC","og_description":"\u00a0 D\u00e9borah HERBER Consultante en lactation Je suis D\u00e9borah HERBER, consultante en lactation [&hellip;]","og_url":"https:\/\/amourlaiternel.com\/index.php\/a-propos-de-moi\/","og_site_name":"D\u00e9borah HERBER - Consultante en Lactation IBCLC","article_modified_time":"2025-03-31T12:39:37+00:00","og_image":[{"width":400,"height":400,"url":"https:\/\/amourlaiternel.com\/wp-content\/uploads\/2025\/03\/38e4d8e1-9679-48f8-aa92-4ce575c56bb9.png","type":"image\/png"}],"twitter_card":"summary_large_image","twitter_misc":{"Dur\u00e9e de lecture estim\u00e9e":"2 minutes"},"schema":{"@context":"https:\/\/schema.org","@graph":[{"@type":"WebPage","@id":"https:\/\/amourlaiternel.com\/index.php\/a-propos-de-moi\/","url":"https:\/\/amourlaiternel.com\/index.php\/a-propos-de-moi\/","name":"A propos de moi - D\u00e9borah HERBER - Consultante en Lactation IBCLC","isPartOf":{"@id":"https:\/\/amourlaiternel.com\/#website"},"primaryImageOfPage":{"@id":"https:\/\/amourlaiternel.com\/index.php\/a-propos-de-moi\/#primaryimage"},"image":{"@id":"https:\/\/amourlaiternel.com\/index.php\/a-propos-de-moi\/#primaryimage"},"thumbnailUrl":"http:\/\/amourlaiternel.com\/wp-content\/uploads\/2025\/03\/38e4d8e1-9679-48f8-aa92-4ce575c56bb9.png","datePublished":"2025-03-24T23:03:17+00:00","dateModified":"2025-03-31T12:39:37+00:00","breadcrumb":{"@id":"https:\/\/amourlaiternel.com\/index.php\/a-propos-de-moi\/#breadcrumb"},"inLanguage":"fr-FR","potentialAction":[{"@type":"ReadAction","target":["https:\/\/amourlaiternel.com\/index.php\/a-propos-de-moi\/"]}]},{"@type":"ImageObject","inLanguage":"fr-FR","@id":"https:\/\/amourlaiternel.com\/index.php\/a-propos-de-moi\/#primaryimage","url":"https:\/\/amourlaiternel.com\/wp-content\/uploads\/2025\/03\/38e4d8e1-9679-48f8-aa92-4ce575c56bb9.png","contentUrl":"https:\/\/amourlaiternel.com\/wp-content\/uploads\/2025\/03\/38e4d8e1-9679-48f8-aa92-4ce575c56bb9.png","width":400,"height":400},{"@type":"BreadcrumbList","@id":"https:\/\/amourlaiternel.com\/index.php\/a-propos-de-moi\/#breadcrumb","itemListElement":[{"@type":"ListItem","position":1,"name":"Accueil","item":"https:\/\/amourlaiternel.com\/"},{"@type":"ListItem","position":2,"name":"A propos de moi"}]},{"@type":"WebSite","@id":"https:\/\/amourlaiternel.com\/#website","url":"https:\/\/amourlaiternel.com\/","name":"D\u00e9borah HERBER - Consultante en Lactation IBCLC","description":"D\u00e9borah soutient votre allaitement","publisher":{"@id":"https:\/\/amourlaiternel.com\/#organization"},"potentialAction":[{"@type":"SearchAction","target":{"@type":"EntryPoint","urlTemplate":"https:\/\/amourlaiternel.com\/?s={search_term_string}"},"query-input":{"@type":"PropertyValueSpecification","valueRequired":true,"valueName":"search_term_string"}}],"inLanguage":"fr-FR"},{"@type":"Organization","@id":"https:\/\/amourlaiternel.com\/#organization","name":"D\u00e9borah HERBER - Consultante en Lactation IBCLC","url":"https:\/\/amourlaiternel.com\/","logo":{"@type":"ImageObject","inLanguage":"fr-FR","@id":"https:\/\/amourlaiternel.com\/#\/schema\/logo\/image\/","url":"https:\/\/amourlaiternel.com\/wp-content\/uploads\/2025\/03\/cropped-cropped-cropped-logo-transparent-png-1-1.png","contentUrl":"https:\/\/amourlaiternel.com\/wp-content\/uploads\/2025\/03\/cropped-cropped-cropped-logo-transparent-png-1-1.png","width":3726,"height":3726,"caption":"D\u00e9borah HERBER - Consultante en Lactation IBCLC"},"image":{"@id":"https:\/\/amourlaiternel.com\/#\/schema\/logo\/image\/"},"sameAs":["https:\/\/www.instagram.com\/amourlaiternel_ibclc\/#"]}]}},"_links":{"self":[{"href":"https:\/\/amourlaiternel.com\/index.php\/wp-json\/wp\/v2\/pages\/245","targetHints":{"allow":["GET"]}}],"collection":[{"href":"https:\/\/amourlaiternel.com\/index.php\/wp-json\/wp\/v2\/pages"}],"about":[{"href":"https:\/\/amourlaiternel.com\/index.php\/wp-json\/wp\/v2\/types\/page"}],"author":[{"embeddable":true,"href":"https:\/\/amourlaiternel.com\/index.php\/wp-json\/wp\/v2\/users\/1"}],"replies":[{"embeddable":true,"href":"https:\/\/amourlaiternel.com\/index.php\/wp-json\/wp\/v2\/comments?post=245"}],"version-history":[{"count":19,"href":"https:\/\/amourlaiternel.com\/index.php\/wp-json\/wp\/v2\/pages\/245\/revisions"}],"predecessor-version":[{"id":1209,"href":"https:\/\/amourlaiternel.com\/index.php\/wp-json\/wp\/v2\/pages\/245\/revisions\/1209"}],"wp:attachment":[{"href":"https:\/\/amourlaiternel.com\/index.php\/wp-json\/wp\/v2\/media?parent=245"}],"curies":[{"name":"wp","href":"https:\/\/api.w.org\/{rel}","templated":true}]}}