{"id":192,"date":"2025-03-24T23:02:00","date_gmt":"2025-03-24T22:02:00","guid":{"rendered":"https:\/\/amourlaiternel.com\/?page_id=192"},"modified":"2026-01-19T13:13:18","modified_gmt":"2026-01-19T12:13:18","slug":"tarifs","status":"publish","type":"page","link":"https:\/\/amourlaiternel.com\/index.php\/tarifs\/","title":{"rendered":"Tarifs"},"content":{"rendered":"<div data-colibri-id=\"192-c1\" class=\"style-208 style-local-192-c1 position-relative\">\n  <!---->\n  <div data-colibri-component=\"section\" data-colibri-id=\"192-c2\" id=\"overlappable\" class=\"h-section h-section-global-spacing d-flex align-items-lg-center align-items-md-center align-items-center style-213 style-local-192-c2 position-relative\">\n    <!---->\n    <!---->\n    <div class=\"h-section-grid-container h-section-boxed-container\">\n      <!---->\n      <div data-colibri-id=\"192-c3\" class=\"h-row-container gutters-row-lg-2 gutters-row-md-2 gutters-row-0 gutters-row-v-lg-2 gutters-row-v-md-2 gutters-row-v-2 style-321 style-local-192-c3 position-relative\">\n        <!---->\n        <div class=\"h-row justify-content-lg-center justify-content-md-center justify-content-center align-items-lg-stretch align-items-md-stretch align-items-stretch gutters-col-lg-2 gutters-col-md-2 gutters-col-0 gutters-col-v-lg-2 gutters-col-v-md-2 gutters-col-v-2\">\n          <!---->\n          <div class=\"h-column h-column-container d-flex h-col-lg-auto h-col-md-auto h-col-auto style-322-outer style-local-192-c4-outer\">\n            <div data-colibri-id=\"192-c4\" class=\"d-flex h-flex-basis h-column__inner h-px-lg-2 h-px-md-2 h-px-2 v-inner-lg-2 v-inner-md-2 v-inner-2 style-322 style-local-192-c4 position-relative\">\n              <!---->\n              <!---->\n              <div class=\"w-100 h-y-container h-column__content h-column__v-align flex-basis-100 align-self-lg-start align-self-md-start align-self-start\">\n                <!---->\n                <div data-colibri-id=\"192-c5\" class=\"h-x-container style-325 style-local-192-c5 position-relative h-element\">\n                  <!---->\n                  <div class=\"h-x-container-inner style-dynamic-192-c5-group style-325-spacing style-local-192-c5-spacing\"><span class=\"h-button__outer style-326-outer style-local-192-c6-outer d-inline-flex h-element\"><a h-use-smooth-scroll=\"true\" href=\"tel:+33698922114\"  data-colibri-id=\"192-c6\" class=\"d-flex w-100 align-items-center h-button justify-content-lg-center justify-content-md-center justify-content-center style-326 style-local-192-c6 position-relative\"><!----><!----> <span>Prendre rendez-vous<\/span><\/a>\n                    <\/span>\n                  <\/div>\n                <\/div>\n                <div data-colibri-id=\"192-c31\" class=\"h-global-transition-all h-heading style-343 style-local-192-c31 position-relative h-element\">\n                  <!---->\n                  <div class=\"h-heading__outer style-343 style-local-192-c31\">\n                    <!---->\n                    <!---->\n                    <h3 class=\"\">Pr\u00e9paration \u00e0 l&rsquo;allaitement 50 \u20ac<\/h3>\n                  <\/div>\n                <\/div>\n                <div data-colibri-id=\"192-c34\" class=\"h-text h-text-component style-346 style-local-192-c34 position-relative h-element\">\n                  <!---->\n                  <!---->\n                  <div class=\"\">\n                    <p>Pour les futures mamans ou celles en projet b\u00e9b\u00e9 souhaitant se pr\u00e9parer sereinement.<\/p>\n                  <\/div>\n                <\/div>\n                <div data-colibri-id=\"192-c32\" class=\"h-global-transition-all h-heading style-344 style-local-192-c32 position-relative h-element\">\n                  <!---->\n                  <div class=\"h-heading__outer style-344 style-local-192-c32\">\n                    <!---->\n                    <!---->\n                    <h3 class=\"\">Consultation de soutient \u00e0 l&rsquo;allaitement 80 \u20ac<\/h3>\n                  <\/div>\n                <\/div>\n                <div data-colibri-id=\"192-c35\" class=\"h-text h-text-component style-347 style-local-192-c35 position-relative h-element\">\n                  <!---->\n                  <!---->\n                  <div class=\"\">\n                    <p>Accompagnement personnalis\u00e9 pour toutes les difficult\u00e9s d\u2019allaitement (installation de b\u00e9b\u00e9, douleur, insuffisance de prise de poids, crevasses, reflux, freins restrictifs , relactation, sevrage, reprise du travail, etc.)<\/p>\n                    <p>Avec un suivi d\u2019une semaine inclus<\/p>\n                  <\/div>\n                <\/div>\n                <div data-colibri-id=\"192-c33\" class=\"h-global-transition-all h-heading style-345 style-local-192-c33 position-relative h-element\">\n                  <!---->\n                  <div class=\"h-heading__outer style-345 style-local-192-c33\">\n                    <!---->\n                    <!---->\n                    <h3 class=\"\">Suivi de consultation 40 \u20ac<\/h3>\n                  <\/div>\n                <\/div>\n                <div data-colibri-id=\"192-c23\" class=\"h-text h-text-component style-333 style-local-192-c23 position-relative h-element\">\n                  <!---->\n                  <!---->\n                  <div class=\"\">\n                    <p>Un rendez-vous court pour ajuster, corriger ou rassurer sur l\u2019allaitement en cours.<\/p>\n                  <\/div>\n                <\/div>\n                <div data-colibri-id=\"192-c24\" class=\"h-row-container gutters-row-lg-2 gutters-row-md-2 gutters-row-0 gutters-row-v-lg-2 gutters-row-v-md-2 gutters-row-v-2 style-334 style-local-192-c24 position-relative\">\n                  <!---->\n                  <div class=\"h-row justify-content-lg-center justify-content-md-center justify-content-center align-items-lg-stretch align-items-md-stretch align-items-stretch gutters-col-lg-2 gutters-col-md-2 gutters-col-0 gutters-col-v-lg-2 gutters-col-v-md-2 gutters-col-v-2\">\n                    <!---->\n                    <div class=\"h-column h-column-container d-flex h-col-lg-auto h-col-md-auto h-col-auto style-335-outer style-local-192-c25-outer\">\n                      <div data-colibri-id=\"192-c25\" class=\"d-flex h-flex-basis h-column__inner h-px-lg-2 h-px-md-2 h-px-2 v-inner-lg-2 v-inner-md-2 v-inner-2 style-335 style-local-192-c25 position-relative\">\n                        <!---->\n                        <!---->\n                        <div class=\"w-100 h-y-container h-column__content h-column__v-align flex-basis-100 align-self-lg-start align-self-md-start align-self-start\">\n                          <!---->\n                          <div data-colibri-id=\"192-c27\" class=\"h-icon style-338 style-local-192-c27 position-relative h-element\">\n                            <!----><span class=\"h-svg-icon h-icon__icon style-338-icon style-local-192-c27-icon\"><!--Icon by Font Awesome (https:\/\/fontawesome.com)-->\n    <svg version=\"1.1\" xmlns=\"http:\/\/www.w3.org\/2000\/svg\" xmlns:xlink=\"http:\/\/www.w3.org\/1999\/xlink\" id=\"home\" viewBox=\"0 0 1664 1896.0833\">\n      <path d=\"M1408 992v480q0 26-19 45t-45 19H960v-384H704v384H320q-26 0-45-19t-19-45V992q0-1 .5-3t.5-3l575-474 575 474q1 2 1 6zm223-69l-62 74q-8 9-21 11h-3q-13 0-21-7L832 424l-692 577q-12 8-24 7-13-2-21-11l-62-74q-8-10-7-23.5T37 878l719-599q32-26 76-26t76 26l244 204V288q0-14 9-23t23-9h192q14 0 23 9t9 23v408l219 182q10 8 11 21.5t-7 23.5z\"><\/path>\n    <\/svg><\/span><\/div>\n                          <div data-colibri-id=\"192-c29\" class=\"h-global-transition-all h-heading style-341 style-local-192-c29 position-relative h-element\">\n                            <!---->\n                            <div class=\"h-heading__outer style-341 style-local-192-c29\">\n                              <!---->\n                              <!---->\n                              <h6 class=\"\">Consultations \u00e0 domicile\n                                <br>\u00e0 partir de 15km hors forfait de 30 cts\/km<\/h6>\n                            <\/div>\n                          <\/div>\n                        <\/div>\n                      <\/div>\n                    <\/div>\n                    <div class=\"h-column h-column-container d-flex h-col-lg-auto h-col-md-auto h-col-auto style-336-outer style-local-192-c26-outer\">\n                      <div data-colibri-id=\"192-c26\" class=\"d-flex h-flex-basis h-column__inner h-px-lg-2 h-px-md-2 h-px-2 v-inner-lg-2 v-inner-md-2 v-inner-2 style-336 style-local-192-c26 position-relative\">\n                        <!---->\n                        <!---->\n                        <div class=\"w-100 h-y-container h-column__content h-column__v-align flex-basis-100 align-self-lg-start align-self-md-start align-self-start\">\n                          <!---->\n                          <div data-colibri-id=\"192-c28\" class=\"h-icon style-340 style-local-192-c28 position-relative h-element\">\n                            <!----><span class=\"h-svg-icon h-icon__icon style-340-icon style-local-192-c28-icon\"><!--Icon by Font Awesome (https:\/\/fontawesome.com)-->\n    <svg version=\"1.1\" xmlns=\"http:\/\/www.w3.org\/2000\/svg\" xmlns:xlink=\"http:\/\/www.w3.org\/1999\/xlink\" id=\"mobile-phone\" viewBox=\"0 0 1056.9019 1896.0833\">\n      <path d=\"M464 1408q0-33-23.5-56.5T384 1328t-56.5 23.5T304 1408t23.5 56.5T384 1488t56.5-23.5T464 1408zm208-160V544q0-13-9.5-22.5T640 512H128q-13 0-22.5 9.5T96 544v704q0 13 9.5 22.5t22.5 9.5h512q13 0 22.5-9.5t9.5-22.5zM480 400q0-16-16-16H304q-16 0-16 16t16 16h160q16 0 16-16zm288-16v1024q0 52-38 90t-90 38H128q-52 0-90-38t-38-90V384q0-52 38-90t90-38h512q52 0 90 38t38 90z\"><\/path>\n    <\/svg><\/span><\/div>\n                          <div data-colibri-id=\"192-c30\" class=\"h-global-transition-all h-heading style-342 style-local-192-c30 position-relative h-element\">\n                            <!---->\n                            <div class=\"h-heading__outer style-342 style-local-192-c30\">\n                              <!---->\n                              <!---->\n                              <h6 class=\"\">Consultations \u00e0 distance (Visio\/T\u00e9l\u00e9phone)<\/h6>\n                            <\/div>\n                          <\/div>\n                        <\/div>\n                      <\/div>\n                    <\/div>\n                  <\/div>\n                <\/div>\n              <\/div>\n            <\/div>\n          <\/div>\n        <\/div>\n      <\/div>\n    <\/div>\n  <\/div>\n  <div data-colibri-component=\"section\" data-colibri-id=\"192-c36\" id=\"custom\" class=\"h-section h-section-global-spacing d-flex align-items-lg-center align-items-md-center align-items-center style-348 style-local-192-c36 position-relative\">\n    <!---->\n    <!---->\n    <div class=\"h-section-grid-container h-section-boxed-container\">\n      <!---->\n      <div data-colibri-id=\"192-c37\" class=\"h-row-container gutters-row-lg-2 gutters-row-md-2 gutters-row-0 gutters-row-v-lg-2 gutters-row-v-md-2 gutters-row-v-2 style-349 style-local-192-c37 position-relative\">\n        <!---->\n        <div class=\"h-row justify-content-lg-center justify-content-md-center justify-content-center align-items-lg-stretch align-items-md-stretch align-items-stretch gutters-col-lg-2 gutters-col-md-2 gutters-col-0 gutters-col-v-lg-2 gutters-col-v-md-2 gutters-col-v-2\">\n          <!---->\n          <div class=\"h-column h-column-container d-flex h-col-lg-auto h-col-md-auto h-col-auto style-350-outer style-local-192-c38-outer\">\n            <div data-colibri-id=\"192-c38\" class=\"d-flex h-flex-basis h-column__inner h-px-lg-2 h-px-md-2 h-px-2 v-inner-lg-2 v-inner-md-2 v-inner-2 style-350 style-local-192-c38 position-relative\">\n              <!---->\n              <!---->\n              <div class=\"w-100 h-y-container h-column__content h-column__v-align flex-basis-100 align-self-lg-start align-self-md-start align-self-start\">\n                <!---->\n                <div data-colibri-id=\"192-c40\" class=\"h-global-transition-all h-heading style-352 style-local-192-c40 position-relative h-element\">\n                  <!---->\n                  <div class=\"h-heading__outer style-352 style-local-192-c40\">\n                    <!---->\n                    <!---->\n                    <h1 class=\"\">Consultante en lactation IBCLC en presentiel ou en visio \/ dsitance METZ THIONVILLE saint avold 57 moselle<\/h1>\n                  <\/div>\n                <\/div>\n              <\/div>\n            <\/div>\n          <\/div>\n          <div class=\"h-column h-column-container d-flex h-col-lg-auto h-col-md-auto h-col-auto style-351-outer style-local-192-c39-outer\">\n            <div data-colibri-id=\"192-c39\" class=\"d-flex h-flex-basis h-column__inner h-ui-empty-state-container h-px-lg-2 h-px-md-2 h-px-2 v-inner-lg-2 v-inner-md-2 v-inner-2 style-351 style-local-192-c39 position-relative\">\n              <!---->\n              <!---->\n              <div class=\"w-100 h-y-container h-column__content h-column__v-align flex-basis-100\">\n                <!---->\n              <\/div>\n            <\/div>\n          <\/div>\n        <\/div>\n      <\/div>\n    <\/div>\n  <\/div>\n<\/div>","protected":false},"excerpt":{"rendered":"<p>Prendre rendez-vous Pr\u00e9paration \u00e0 l&rsquo;allaitement 50 \u20ac Pour les futures mamans ou celles [&hellip;]<\/p>\n","protected":false},"author":1,"featured_media":0,"parent":0,"menu_order":0,"comment_status":"closed","ping_status":"closed","template":"page-templates\/full-width-page.php","meta":{"footnotes":""},"class_list":["post-192","page","type-page","status-publish","hentry"],"yoast_head":"<!-- This site is optimized with the Yoast SEO plugin v24.7 - https:\/\/yoast.com\/wordpress\/plugins\/seo\/ -->\n<title>Tarifs - D\u00e9borah HERBER - Consultante en Lactation IBCLC<\/title>\n<meta name=\"robots\" content=\"index, follow, max-snippet:-1, max-image-preview:large, max-video-preview:-1\" \/>\n<link rel=\"canonical\" href=\"https:\/\/amourlaiternel.com\/index.php\/tarifs\/\" \/>\n<meta property=\"og:locale\" content=\"fr_FR\" \/>\n<meta property=\"og:type\" content=\"article\" \/>\n<meta property=\"og:title\" content=\"Tarifs - D\u00e9borah HERBER - Consultante en Lactation IBCLC\" \/>\n<meta property=\"og:description\" content=\"Prendre rendez-vous Pr\u00e9paration \u00e0 l&rsquo;allaitement 50 \u20ac Pour les futures mamans ou celles [&hellip;]\" \/>\n<meta property=\"og:url\" content=\"https:\/\/amourlaiternel.com\/index.php\/tarifs\/\" \/>\n<meta property=\"og:site_name\" content=\"D\u00e9borah HERBER - Consultante en Lactation IBCLC\" \/>\n<meta property=\"article:modified_time\" content=\"2026-01-19T12:13:18+00:00\" \/>\n<meta name=\"twitter:card\" content=\"summary_large_image\" \/>\n<meta name=\"twitter:label1\" content=\"Dur\u00e9e de lecture estim\u00e9e\" \/>\n\t<meta name=\"twitter:data1\" content=\"1 minute\" \/>\n<script type=\"application\/ld+json\" class=\"yoast-schema-graph\">{\"@context\":\"https:\/\/schema.org\",\"@graph\":[{\"@type\":\"WebPage\",\"@id\":\"https:\/\/amourlaiternel.com\/index.php\/tarifs\/\",\"url\":\"https:\/\/amourlaiternel.com\/index.php\/tarifs\/\",\"name\":\"Tarifs - D\u00e9borah HERBER - Consultante en Lactation IBCLC\",\"isPartOf\":{\"@id\":\"https:\/\/amourlaiternel.com\/#website\"},\"datePublished\":\"2025-03-24T22:02:00+00:00\",\"dateModified\":\"2026-01-19T12:13:18+00:00\",\"breadcrumb\":{\"@id\":\"https:\/\/amourlaiternel.com\/index.php\/tarifs\/#breadcrumb\"},\"inLanguage\":\"fr-FR\",\"potentialAction\":[{\"@type\":\"ReadAction\",\"target\":[\"https:\/\/amourlaiternel.com\/index.php\/tarifs\/\"]}]},{\"@type\":\"BreadcrumbList\",\"@id\":\"https:\/\/amourlaiternel.com\/index.php\/tarifs\/#breadcrumb\",\"itemListElement\":[{\"@type\":\"ListItem\",\"position\":1,\"name\":\"Accueil\",\"item\":\"https:\/\/amourlaiternel.com\/\"},{\"@type\":\"ListItem\",\"position\":2,\"name\":\"Tarifs\"}]},{\"@type\":\"WebSite\",\"@id\":\"https:\/\/amourlaiternel.com\/#website\",\"url\":\"https:\/\/amourlaiternel.com\/\",\"name\":\"D\u00e9borah HERBER - Consultante en Lactation IBCLC\",\"description\":\"D\u00e9borah soutient votre allaitement\",\"publisher\":{\"@id\":\"https:\/\/amourlaiternel.com\/#organization\"},\"potentialAction\":[{\"@type\":\"SearchAction\",\"target\":{\"@type\":\"EntryPoint\",\"urlTemplate\":\"https:\/\/amourlaiternel.com\/?s={search_term_string}\"},\"query-input\":{\"@type\":\"PropertyValueSpecification\",\"valueRequired\":true,\"valueName\":\"search_term_string\"}}],\"inLanguage\":\"fr-FR\"},{\"@type\":\"Organization\",\"@id\":\"https:\/\/amourlaiternel.com\/#organization\",\"name\":\"D\u00e9borah HERBER - Consultante en Lactation IBCLC\",\"url\":\"https:\/\/amourlaiternel.com\/\",\"logo\":{\"@type\":\"ImageObject\",\"inLanguage\":\"fr-FR\",\"@id\":\"https:\/\/amourlaiternel.com\/#\/schema\/logo\/image\/\",\"url\":\"https:\/\/amourlaiternel.com\/wp-content\/uploads\/2025\/03\/cropped-cropped-cropped-logo-transparent-png-1-1.png\",\"contentUrl\":\"https:\/\/amourlaiternel.com\/wp-content\/uploads\/2025\/03\/cropped-cropped-cropped-logo-transparent-png-1-1.png\",\"width\":3726,\"height\":3726,\"caption\":\"D\u00e9borah HERBER - Consultante en Lactation IBCLC\"},\"image\":{\"@id\":\"https:\/\/amourlaiternel.com\/#\/schema\/logo\/image\/\"},\"sameAs\":[\"https:\/\/www.instagram.com\/amourlaiternel_ibclc\/#\"]}]}<\/script>\n<!-- \/ Yoast SEO plugin. -->","yoast_head_json":{"title":"Tarifs - D\u00e9borah HERBER - Consultante en Lactation IBCLC","robots":{"index":"index","follow":"follow","max-snippet":"max-snippet:-1","max-image-preview":"max-image-preview:large","max-video-preview":"max-video-preview:-1"},"canonical":"https:\/\/amourlaiternel.com\/index.php\/tarifs\/","og_locale":"fr_FR","og_type":"article","og_title":"Tarifs - D\u00e9borah HERBER - Consultante en Lactation IBCLC","og_description":"Prendre rendez-vous Pr\u00e9paration \u00e0 l&rsquo;allaitement 50 \u20ac Pour les futures mamans ou celles [&hellip;]","og_url":"https:\/\/amourlaiternel.com\/index.php\/tarifs\/","og_site_name":"D\u00e9borah HERBER - Consultante en Lactation IBCLC","article_modified_time":"2026-01-19T12:13:18+00:00","twitter_card":"summary_large_image","twitter_misc":{"Dur\u00e9e de lecture estim\u00e9e":"1 minute"},"schema":{"@context":"https:\/\/schema.org","@graph":[{"@type":"WebPage","@id":"https:\/\/amourlaiternel.com\/index.php\/tarifs\/","url":"https:\/\/amourlaiternel.com\/index.php\/tarifs\/","name":"Tarifs - D\u00e9borah HERBER - Consultante en Lactation IBCLC","isPartOf":{"@id":"https:\/\/amourlaiternel.com\/#website"},"datePublished":"2025-03-24T22:02:00+00:00","dateModified":"2026-01-19T12:13:18+00:00","breadcrumb":{"@id":"https:\/\/amourlaiternel.com\/index.php\/tarifs\/#breadcrumb"},"inLanguage":"fr-FR","potentialAction":[{"@type":"ReadAction","target":["https:\/\/amourlaiternel.com\/index.php\/tarifs\/"]}]},{"@type":"BreadcrumbList","@id":"https:\/\/amourlaiternel.com\/index.php\/tarifs\/#breadcrumb","itemListElement":[{"@type":"ListItem","position":1,"name":"Accueil","item":"https:\/\/amourlaiternel.com\/"},{"@type":"ListItem","position":2,"name":"Tarifs"}]},{"@type":"WebSite","@id":"https:\/\/amourlaiternel.com\/#website","url":"https:\/\/amourlaiternel.com\/","name":"D\u00e9borah HERBER - Consultante en Lactation IBCLC","description":"D\u00e9borah soutient votre allaitement","publisher":{"@id":"https:\/\/amourlaiternel.com\/#organization"},"potentialAction":[{"@type":"SearchAction","target":{"@type":"EntryPoint","urlTemplate":"https:\/\/amourlaiternel.com\/?s={search_term_string}"},"query-input":{"@type":"PropertyValueSpecification","valueRequired":true,"valueName":"search_term_string"}}],"inLanguage":"fr-FR"},{"@type":"Organization","@id":"https:\/\/amourlaiternel.com\/#organization","name":"D\u00e9borah HERBER - Consultante en Lactation IBCLC","url":"https:\/\/amourlaiternel.com\/","logo":{"@type":"ImageObject","inLanguage":"fr-FR","@id":"https:\/\/amourlaiternel.com\/#\/schema\/logo\/image\/","url":"https:\/\/amourlaiternel.com\/wp-content\/uploads\/2025\/03\/cropped-cropped-cropped-logo-transparent-png-1-1.png","contentUrl":"https:\/\/amourlaiternel.com\/wp-content\/uploads\/2025\/03\/cropped-cropped-cropped-logo-transparent-png-1-1.png","width":3726,"height":3726,"caption":"D\u00e9borah HERBER - Consultante en Lactation IBCLC"},"image":{"@id":"https:\/\/amourlaiternel.com\/#\/schema\/logo\/image\/"},"sameAs":["https:\/\/www.instagram.com\/amourlaiternel_ibclc\/#"]}]}},"_links":{"self":[{"href":"https:\/\/amourlaiternel.com\/index.php\/wp-json\/wp\/v2\/pages\/192","targetHints":{"allow":["GET"]}}],"collection":[{"href":"https:\/\/amourlaiternel.com\/index.php\/wp-json\/wp\/v2\/pages"}],"about":[{"href":"https:\/\/amourlaiternel.com\/index.php\/wp-json\/wp\/v2\/types\/page"}],"author":[{"embeddable":true,"href":"https:\/\/amourlaiternel.com\/index.php\/wp-json\/wp\/v2\/users\/1"}],"replies":[{"embeddable":true,"href":"https:\/\/amourlaiternel.com\/index.php\/wp-json\/wp\/v2\/comments?post=192"}],"version-history":[{"count":20,"href":"https:\/\/amourlaiternel.com\/index.php\/wp-json\/wp\/v2\/pages\/192\/revisions"}],"predecessor-version":[{"id":1325,"href":"https:\/\/amourlaiternel.com\/index.php\/wp-json\/wp\/v2\/pages\/192\/revisions\/1325"}],"wp:attachment":[{"href":"https:\/\/amourlaiternel.com\/index.php\/wp-json\/wp\/v2\/media?parent=192"}],"curies":[{"name":"wp","href":"https:\/\/api.w.org\/{rel}","templated":true}]}}